{"id":7158,"date":"2022-09-12T15:01:48","date_gmt":"2022-09-12T13:01:48","guid":{"rendered":"http:\/\/snabbahemsidor.se\/rubensengelsk\/?page_id=7158"},"modified":"2024-03-06T13:59:17","modified_gmt":"2024-03-06T12:59:17","slug":"om-foretaget","status":"publish","type":"page","link":"https:\/\/rubensverkstad.se\/en\/om-foretaget\/","title":{"rendered":"ABOUT US"},"content":{"rendered":"\t\t<div data-elementor-type=\"wp-page\" data-elementor-id=\"7158\" class=\"elementor elementor-7158\" data-elementor-post-type=\"page\">\n\t\t\t\t\t\t<section class=\"elementor-section elementor-top-section elementor-element elementor-element-4a6bb4c elementor-section-full_width elementor-section-height-default elementor-section-height-default\" data-id=\"4a6bb4c\" data-element_type=\"section\" data-settings=\"{&quot;background_background&quot;:&quot;video&quot;,&quot;background_video_link&quot;:&quot;1024x576&quot;}\">\n\t\t\t\t\t\t\t\t<div class=\"elementor-background-video-container elementor-hidden-mobile\">\n\t\t\t\t\t\t\t\t\t\t\t\t\t<video class=\"elementor-background-video-hosted\" autoplay muted playsinline loop><\/video>\n\t\t\t\t\t\t\t\t\t\t\t<\/div>\n\t\t\t\t\t\t\t\t<div class=\"elementor-container elementor-column-gap-default\">\n\t\t\t\t\t<div class=\"elementor-column elementor-col-100 elementor-top-column elementor-element elementor-element-ff529d4\" data-id=\"ff529d4\" data-element_type=\"column\">\n\t\t\t<div class=\"elementor-widget-wrap\">\n\t\t\t\t\t\t\t<\/div>\n\t\t<\/div>\n\t\t\t\t\t<\/div>\n\t\t<\/section>\n\t\t\t\t<section class=\"elementor-section elementor-top-section elementor-element elementor-element-87d0e51 elementor-section-full_width elementor-section-height-default elementor-section-height-default\" data-id=\"87d0e51\" data-element_type=\"section\">\n\t\t\t\t\t\t<div class=\"elementor-container elementor-column-gap-no\">\n\t\t\t\t\t<div class=\"elementor-column elementor-col-100 elementor-top-column elementor-element elementor-element-4f6b4ac\" data-id=\"4f6b4ac\" data-element_type=\"column\">\n\t\t\t<div class=\"elementor-widget-wrap elementor-element-populated\">\n\t\t\t\t\t\t<div class=\"elementor-element elementor-element-dc6f5fc elementor-widget__width-inherit elementor-widget elementor-widget-image\" data-id=\"dc6f5fc\" data-element_type=\"widget\" data-widget_type=\"image.default\">\n\t\t\t\t<div class=\"elementor-widget-container\">\n\t\t\t\t\t\t\t\t\t\t\t\t\t\t\t<img decoding=\"async\" src=\"https:\/\/rubensverkstad.se\/en\/wp-content\/uploads\/2023\/06\/verkstad-scaled.jpg\" title=\"default\" alt=\"default\" loading=\"lazy\" \/>\t\t\t\t\t\t\t\t\t\t\t\t\t\t\t<\/div>\n\t\t\t\t<\/div>\n\t\t\t\t\t<\/div>\n\t\t<\/div>\n\t\t\t\t\t<\/div>\n\t\t<\/section>\n\t\t\t\t<section class=\"elementor-section elementor-top-section elementor-element elementor-element-8ebf8cc elementor-section-boxed elementor-section-height-default elementor-section-height-default\" data-id=\"8ebf8cc\" data-element_type=\"section\">\n\t\t\t\t\t\t<div class=\"elementor-container elementor-column-gap-default\">\n\t\t\t\t\t<div class=\"elementor-column elementor-col-100 elementor-top-column elementor-element elementor-element-a4186f4\" data-id=\"a4186f4\" data-element_type=\"column\">\n\t\t\t<div class=\"elementor-widget-wrap elementor-element-populated\">\n\t\t\t\t\t\t<div class=\"elementor-element elementor-element-c536b40 elementor-widget elementor-widget-heading\" data-id=\"c536b40\" data-element_type=\"widget\" data-widget_type=\"heading.default\">\n\t\t\t\t<div class=\"elementor-widget-container\">\n\t\t\t\t\t<h2 class=\"elementor-heading-title elementor-size-default\">Rubens Verkstad AB<\/h2>\t\t\t\t<\/div>\n\t\t\t\t<\/div>\n\t\t\t\t<div class=\"elementor-element elementor-element-3b2cbe7 elementor-widget elementor-widget-text-editor\" data-id=\"3b2cbe7\" data-element_type=\"widget\" data-widget_type=\"text-editor.default\">\n\t\t\t\t<div class=\"elementor-widget-container\">\n\t\t\t\t\t\t\t\t\t<p><span style=\"color: #000000;\">Rubens Verkstad AB was founded in the 1960s by Ruben Bengtsson in Broby, Sk\u00e5ne. In 1976, his two sons G\u00f6ran and Stig Rubensson took over and ran the company until 2021. Now, the company is run by G\u00f6ran&#8217;s two children, Therese and Andreas.<\/span><\/p><p><span style=\"color: #000000;\">We have in-house manufacturing of valves in a modern machine park with CNC-controlled machines equipped with robots that are continuously updated with new technology to ensure the highest quality of production. Our office and factory are still located in Broby, Sk\u00e5ne.<\/span><\/p><p><span style=\"color: #000000;\">Our sales are conducted through distributors across the Nordic region and large parts of Europe.<\/span><\/p><p><span style=\"color: #000000;\">With solid knowledge and extensive experience in the manufacturing and sales of valves, we prioritize high quality and short delivery times with the customer in focus.<\/span><\/p>\t\t\t\t\t\t\t\t<\/div>\n\t\t\t\t<\/div>\n\t\t\t\t\t<\/div>\n\t\t<\/div>\n\t\t\t\t\t<\/div>\n\t\t<\/section>\n\t\t\t\t<\/div>\n\t\t","protected":false},"excerpt":{"rendered":"<p>Rubens Verkstad AB Rubens Verkstad AB was founded in the 1960s by Ruben Bengtsson in Broby, Sk\u00e5ne. In 1976, his two sons G\u00f6ran and Stig Rubensson took over and ran the company until 2021. Now, the company is run by G\u00f6ran&#8217;s two children, Therese and Andreas. We have in-house manufacturing of valves in a modern&hellip;<\/p>\n","protected":false},"author":2,"featured_media":0,"parent":0,"menu_order":0,"comment_status":"closed","ping_status":"closed","template":"elementor_header_footer","meta":{"footnotes":""},"class_list":["post-7158","page","type-page","status-publish","hentry"],"_links":{"self":[{"href":"https:\/\/rubensverkstad.se\/en\/wp-json\/wp\/v2\/pages\/7158","targetHints":{"allow":["GET"]}}],"collection":[{"href":"https:\/\/rubensverkstad.se\/en\/wp-json\/wp\/v2\/pages"}],"about":[{"href":"https:\/\/rubensverkstad.se\/en\/wp-json\/wp\/v2\/types\/page"}],"author":[{"embeddable":true,"href":"https:\/\/rubensverkstad.se\/en\/wp-json\/wp\/v2\/users\/2"}],"replies":[{"embeddable":true,"href":"https:\/\/rubensverkstad.se\/en\/wp-json\/wp\/v2\/comments?post=7158"}],"version-history":[{"count":78,"href":"https:\/\/rubensverkstad.se\/en\/wp-json\/wp\/v2\/pages\/7158\/revisions"}],"predecessor-version":[{"id":7887,"href":"https:\/\/rubensverkstad.se\/en\/wp-json\/wp\/v2\/pages\/7158\/revisions\/7887"}],"wp:attachment":[{"href":"https:\/\/rubensverkstad.se\/en\/wp-json\/wp\/v2\/media?parent=7158"}],"curies":[{"name":"wp","href":"https:\/\/api.w.org\/{rel}","templated":true}]}}